{"id":1521,"date":"2021-09-23T09:39:48","date_gmt":"2021-09-23T07:39:56","guid":{"rendered":"https:\/\/judithserrasinergies.com\/?post_type=product&#038;p=1521"},"modified":"2022-07-20T16:51:32","modified_gmt":"2022-07-20T14:51:32","slug":"olis-personalitzats","status":"publish","type":"product","link":"https:\/\/judithserrasinergies.com\/ca\/producto\/olis-personalitzats\/","title":{"rendered":"Olis personalitzats"},"excerpt":{"rendered":"<p>Sinergia personal dissenyada exclusivament per tu, perqu\u00e8 t\u2019aporti calma, equilibri i benestar. La f\u00f3rmula est\u00e0 pensada tamb\u00e9 per ajudar-te a posar\u00a0consci\u00e8ncia del moment personal en el que et\u00a0trobes.<\/p>\n<p>Mida 30 ml.<\/p>\n<p>(Data entrega aproximada 8-10 dies)<\/p>\n","protected":false},"featured_media":1280,"template":"","meta":[],"product_brand":[],"product_cat":[41],"product_tag":[51],"class_list":{"0":"post-1521","1":"product","2":"type-product","3":"status-publish","4":"has-post-thumbnail","6":"product_cat-productos","7":"product_tag-personalizado-ca","9":"first","10":"instock","11":"taxable","12":"shipping-taxable","13":"purchasable","14":"product-type-simple"},"yoast_head":"<!-- This site is optimized with the Yoast SEO plugin v27.4 - https:\/\/yoast.com\/product\/yoast-seo-wordpress\/ -->\n<title>Olis personalitzats exclusivament per a tu<\/title>\n<meta name=\"description\" content=\"Amb aquests olis personalitzats exclusivament per a tu que t&#039;aportaran calma, equilibri i benestar. F\u00f3rmules creades a la teva mesura.\" \/>\n<meta name=\"robots\" content=\"index, follow, max-snippet:-1, max-image-preview:large, max-video-preview:-1\" \/>\n<link rel=\"canonical\" href=\"https:\/\/judithserrasinergies.com\/ca\/producto\/olis-personalitzats\/\" \/>\n<meta property=\"og:locale\" content=\"ca_ES\" \/>\n<meta property=\"og:type\" content=\"article\" \/>\n<meta property=\"og:title\" content=\"Olis personalitzats exclusivament per a tu\" \/>\n<meta property=\"og:description\" content=\"Amb aquests olis personalitzats exclusivament per a tu que t&#039;aportaran calma, equilibri i benestar. F\u00f3rmules creades a la teva mesura.\" \/>\n<meta property=\"og:url\" content=\"https:\/\/judithserrasinergies.com\/ca\/producto\/olis-personalitzats\/\" \/>\n<meta property=\"og:site_name\" content=\"Judith Serra\" \/>\n<meta property=\"article:modified_time\" content=\"2022-07-20T14:51:32+00:00\" \/>\n<meta property=\"og:image\" content=\"https:\/\/judithserrasinergies.com\/wp-content\/uploads\/e-aceites-personalizados-judith-serra-3.jpg\" \/>\n\t<meta property=\"og:image:width\" content=\"959\" \/>\n\t<meta property=\"og:image:height\" content=\"853\" \/>\n\t<meta property=\"og:image:type\" content=\"image\/jpeg\" \/>\n<meta name=\"twitter:card\" content=\"summary_large_image\" \/>\n<script type=\"application\/ld+json\" class=\"yoast-schema-graph\">{\"@context\":\"https:\\\/\\\/schema.org\",\"@graph\":[{\"@type\":\"WebPage\",\"@id\":\"https:\\\/\\\/judithserrasinergies.com\\\/ca\\\/producto\\\/olis-personalitzats\\\/\",\"url\":\"https:\\\/\\\/judithserrasinergies.com\\\/ca\\\/producto\\\/olis-personalitzats\\\/\",\"name\":\"Olis personalitzats exclusivament per a tu\",\"isPartOf\":{\"@id\":\"https:\\\/\\\/judithserrasinergies.com\\\/#website\"},\"primaryImageOfPage\":{\"@id\":\"https:\\\/\\\/judithserrasinergies.com\\\/ca\\\/producto\\\/olis-personalitzats\\\/#primaryimage\"},\"image\":{\"@id\":\"https:\\\/\\\/judithserrasinergies.com\\\/ca\\\/producto\\\/olis-personalitzats\\\/#primaryimage\"},\"thumbnailUrl\":\"https:\\\/\\\/judithserrasinergies.com\\\/wp-content\\\/uploads\\\/e-aceites-personalizados-judith-serra-3.jpg\",\"datePublished\":\"2021-09-23T07:39:56+00:00\",\"dateModified\":\"2022-07-20T14:51:32+00:00\",\"description\":\"Amb aquests olis personalitzats exclusivament per a tu que t'aportaran calma, equilibri i benestar. F\u00f3rmules creades a la teva mesura.\",\"breadcrumb\":{\"@id\":\"https:\\\/\\\/judithserrasinergies.com\\\/ca\\\/producto\\\/olis-personalitzats\\\/#breadcrumb\"},\"inLanguage\":\"ca\",\"potentialAction\":[{\"@type\":\"ReadAction\",\"target\":[\"https:\\\/\\\/judithserrasinergies.com\\\/ca\\\/producto\\\/olis-personalitzats\\\/\"]}]},{\"@type\":\"ImageObject\",\"inLanguage\":\"ca\",\"@id\":\"https:\\\/\\\/judithserrasinergies.com\\\/ca\\\/producto\\\/olis-personalitzats\\\/#primaryimage\",\"url\":\"https:\\\/\\\/judithserrasinergies.com\\\/wp-content\\\/uploads\\\/e-aceites-personalizados-judith-serra-3.jpg\",\"contentUrl\":\"https:\\\/\\\/judithserrasinergies.com\\\/wp-content\\\/uploads\\\/e-aceites-personalizados-judith-serra-3.jpg\",\"width\":959,\"height\":853,\"caption\":\"Aceites esenciales personalizados puros y ecol\u00f3gicos\"},{\"@type\":\"BreadcrumbList\",\"@id\":\"https:\\\/\\\/judithserrasinergies.com\\\/ca\\\/producto\\\/olis-personalitzats\\\/#breadcrumb\",\"itemListElement\":[{\"@type\":\"ListItem\",\"position\":1,\"name\":\"Portada\",\"item\":\"https:\\\/\\\/judithserrasinergies.com\\\/ca\\\/\"},{\"@type\":\"ListItem\",\"position\":2,\"name\":\"Botiga\",\"item\":\"https:\\\/\\\/judithserrasinergies.com\\\/tienda\\\/\"},{\"@type\":\"ListItem\",\"position\":3,\"name\":\"Olis personalitzats\"}]},{\"@type\":\"WebSite\",\"@id\":\"https:\\\/\\\/judithserrasinergies.com\\\/#website\",\"url\":\"https:\\\/\\\/judithserrasinergies.com\\\/\",\"name\":\"Judith Serra\",\"description\":\"\",\"potentialAction\":[{\"@type\":\"SearchAction\",\"target\":{\"@type\":\"EntryPoint\",\"urlTemplate\":\"https:\\\/\\\/judithserrasinergies.com\\\/?s={search_term_string}\"},\"query-input\":{\"@type\":\"PropertyValueSpecification\",\"valueRequired\":true,\"valueName\":\"search_term_string\"}}],\"inLanguage\":\"ca\"}]}<\/script>\n<!-- \/ Yoast SEO plugin. -->","yoast_head_json":{"title":"Olis personalitzats exclusivament per a tu","description":"Amb aquests olis personalitzats exclusivament per a tu que t'aportaran calma, equilibri i benestar. F\u00f3rmules creades a la teva mesura.","robots":{"index":"index","follow":"follow","max-snippet":"max-snippet:-1","max-image-preview":"max-image-preview:large","max-video-preview":"max-video-preview:-1"},"canonical":"https:\/\/judithserrasinergies.com\/ca\/producto\/olis-personalitzats\/","og_locale":"ca_ES","og_type":"article","og_title":"Olis personalitzats exclusivament per a tu","og_description":"Amb aquests olis personalitzats exclusivament per a tu que t'aportaran calma, equilibri i benestar. F\u00f3rmules creades a la teva mesura.","og_url":"https:\/\/judithserrasinergies.com\/ca\/producto\/olis-personalitzats\/","og_site_name":"Judith Serra","article_modified_time":"2022-07-20T14:51:32+00:00","og_image":[{"width":959,"height":853,"url":"https:\/\/judithserrasinergies.com\/wp-content\/uploads\/e-aceites-personalizados-judith-serra-3.jpg","type":"image\/jpeg"}],"twitter_card":"summary_large_image","schema":{"@context":"https:\/\/schema.org","@graph":[{"@type":"WebPage","@id":"https:\/\/judithserrasinergies.com\/ca\/producto\/olis-personalitzats\/","url":"https:\/\/judithserrasinergies.com\/ca\/producto\/olis-personalitzats\/","name":"Olis personalitzats exclusivament per a tu","isPartOf":{"@id":"https:\/\/judithserrasinergies.com\/#website"},"primaryImageOfPage":{"@id":"https:\/\/judithserrasinergies.com\/ca\/producto\/olis-personalitzats\/#primaryimage"},"image":{"@id":"https:\/\/judithserrasinergies.com\/ca\/producto\/olis-personalitzats\/#primaryimage"},"thumbnailUrl":"https:\/\/judithserrasinergies.com\/wp-content\/uploads\/e-aceites-personalizados-judith-serra-3.jpg","datePublished":"2021-09-23T07:39:56+00:00","dateModified":"2022-07-20T14:51:32+00:00","description":"Amb aquests olis personalitzats exclusivament per a tu que t'aportaran calma, equilibri i benestar. F\u00f3rmules creades a la teva mesura.","breadcrumb":{"@id":"https:\/\/judithserrasinergies.com\/ca\/producto\/olis-personalitzats\/#breadcrumb"},"inLanguage":"ca","potentialAction":[{"@type":"ReadAction","target":["https:\/\/judithserrasinergies.com\/ca\/producto\/olis-personalitzats\/"]}]},{"@type":"ImageObject","inLanguage":"ca","@id":"https:\/\/judithserrasinergies.com\/ca\/producto\/olis-personalitzats\/#primaryimage","url":"https:\/\/judithserrasinergies.com\/wp-content\/uploads\/e-aceites-personalizados-judith-serra-3.jpg","contentUrl":"https:\/\/judithserrasinergies.com\/wp-content\/uploads\/e-aceites-personalizados-judith-serra-3.jpg","width":959,"height":853,"caption":"Aceites esenciales personalizados puros y ecol\u00f3gicos"},{"@type":"BreadcrumbList","@id":"https:\/\/judithserrasinergies.com\/ca\/producto\/olis-personalitzats\/#breadcrumb","itemListElement":[{"@type":"ListItem","position":1,"name":"Portada","item":"https:\/\/judithserrasinergies.com\/ca\/"},{"@type":"ListItem","position":2,"name":"Botiga","item":"https:\/\/judithserrasinergies.com\/tienda\/"},{"@type":"ListItem","position":3,"name":"Olis personalitzats"}]},{"@type":"WebSite","@id":"https:\/\/judithserrasinergies.com\/#website","url":"https:\/\/judithserrasinergies.com\/","name":"Judith Serra","description":"","potentialAction":[{"@type":"SearchAction","target":{"@type":"EntryPoint","urlTemplate":"https:\/\/judithserrasinergies.com\/?s={search_term_string}"},"query-input":{"@type":"PropertyValueSpecification","valueRequired":true,"valueName":"search_term_string"}}],"inLanguage":"ca"}]}},"_links":{"self":[{"href":"https:\/\/judithserrasinergies.com\/ca\/wp-json\/wp\/v2\/product\/1521","targetHints":{"allow":["GET"]}}],"collection":[{"href":"https:\/\/judithserrasinergies.com\/ca\/wp-json\/wp\/v2\/product"}],"about":[{"href":"https:\/\/judithserrasinergies.com\/ca\/wp-json\/wp\/v2\/types\/product"}],"wp:featuredmedia":[{"embeddable":true,"href":"https:\/\/judithserrasinergies.com\/ca\/wp-json\/wp\/v2\/media\/1280"}],"wp:attachment":[{"href":"https:\/\/judithserrasinergies.com\/ca\/wp-json\/wp\/v2\/media?parent=1521"}],"wp:term":[{"taxonomy":"product_brand","embeddable":true,"href":"https:\/\/judithserrasinergies.com\/ca\/wp-json\/wp\/v2\/product_brand?post=1521"},{"taxonomy":"product_cat","embeddable":true,"href":"https:\/\/judithserrasinergies.com\/ca\/wp-json\/wp\/v2\/product_cat?post=1521"},{"taxonomy":"product_tag","embeddable":true,"href":"https:\/\/judithserrasinergies.com\/ca\/wp-json\/wp\/v2\/product_tag?post=1521"}],"curies":[{"name":"wp","href":"https:\/\/api.w.org\/{rel}","templated":true}]}}