{"id":1344,"date":"2021-07-01T12:48:59","date_gmt":"2021-07-01T10:48:59","guid":{"rendered":"https:\/\/judithserrasinergies.com\/product\/tierra\/"},"modified":"2022-07-25T16:51:12","modified_gmt":"2022-07-25T14:51:12","slug":"oli-essencial-de-vetiver-terra","status":"publish","type":"product","link":"https:\/\/judithserrasinergies.com\/ca\/producto\/oli-essencial-de-vetiver-terra\/","title":{"rendered":"Terra"},"excerpt":{"rendered":"<p>F\u00f3rmula pensada per a alliberar l&#8217;estr\u00e8s mental i la tensi\u00f3 corporal, per a connectar cos i ment. Tamb\u00e9 ajuda de manera natural al cos abans i despr\u00e9s de fer esport.<\/p>\n<p><em>Terra \u00e9s for\u00e7a, equilibri, confian\u00e7a i seguretat.<\/em><\/p>\n","protected":false},"featured_media":1307,"template":"","meta":[],"product_brand":[],"product_cat":[41],"product_tag":[43],"class_list":{"0":"post-1344","1":"product","2":"type-product","3":"status-publish","4":"has-post-thumbnail","6":"product_cat-productos","7":"product_tag-tierra-ca","9":"first","10":"instock","11":"taxable","12":"shipping-taxable","13":"purchasable","14":"product-type-variable"},"yoast_head":"<!-- This site is optimized with the Yoast SEO plugin v27.4 - https:\/\/yoast.com\/product\/yoast-seo-wordpress\/ -->\n<title>Oli essencial de\u00a0Vetiver\u00a0Terra<\/title>\n<meta name=\"description\" content=\"Oli essencial de Vetiver amb una f\u00f3rmula pensada per a alliberar l&#039;estr\u00e8s mental i la tensi\u00f3 corporal, per a connectar cos i ment.\" \/>\n<meta name=\"robots\" content=\"index, follow, max-snippet:-1, max-image-preview:large, max-video-preview:-1\" \/>\n<link rel=\"canonical\" href=\"https:\/\/judithserrasinergies.com\/ca\/producto\/oli-essencial-de-vetiver-terra\/\" \/>\n<meta property=\"og:locale\" content=\"ca_ES\" \/>\n<meta property=\"og:type\" content=\"article\" \/>\n<meta property=\"og:title\" content=\"Oli essencial de\u00a0Vetiver\u00a0Terra\" \/>\n<meta property=\"og:description\" content=\"Oli essencial de Vetiver amb una f\u00f3rmula pensada per a alliberar l&#039;estr\u00e8s mental i la tensi\u00f3 corporal, per a connectar cos i ment.\" \/>\n<meta property=\"og:url\" content=\"https:\/\/judithserrasinergies.com\/ca\/producto\/oli-essencial-de-vetiver-terra\/\" \/>\n<meta property=\"og:site_name\" content=\"Judith Serra\" \/>\n<meta property=\"article:modified_time\" content=\"2022-07-25T14:51:12+00:00\" \/>\n<meta property=\"og:image\" content=\"https:\/\/judithserrasinergies.com\/wp-content\/uploads\/tierra-30.jpg\" \/>\n\t<meta property=\"og:image:width\" content=\"1024\" \/>\n\t<meta property=\"og:image:height\" content=\"1024\" \/>\n\t<meta property=\"og:image:type\" content=\"image\/jpeg\" \/>\n<meta name=\"twitter:card\" content=\"summary_large_image\" \/>\n<script type=\"application\/ld+json\" class=\"yoast-schema-graph\">{\"@context\":\"https:\\\/\\\/schema.org\",\"@graph\":[{\"@type\":\"WebPage\",\"@id\":\"https:\\\/\\\/judithserrasinergies.com\\\/ca\\\/producto\\\/oli-essencial-de-vetiver-terra\\\/\",\"url\":\"https:\\\/\\\/judithserrasinergies.com\\\/ca\\\/producto\\\/oli-essencial-de-vetiver-terra\\\/\",\"name\":\"Oli essencial de\u00a0Vetiver\u00a0Terra\",\"isPartOf\":{\"@id\":\"https:\\\/\\\/judithserrasinergies.com\\\/#website\"},\"primaryImageOfPage\":{\"@id\":\"https:\\\/\\\/judithserrasinergies.com\\\/ca\\\/producto\\\/oli-essencial-de-vetiver-terra\\\/#primaryimage\"},\"image\":{\"@id\":\"https:\\\/\\\/judithserrasinergies.com\\\/ca\\\/producto\\\/oli-essencial-de-vetiver-terra\\\/#primaryimage\"},\"thumbnailUrl\":\"https:\\\/\\\/judithserrasinergies.com\\\/wp-content\\\/uploads\\\/tierra-30.jpg\",\"datePublished\":\"2021-07-01T10:48:59+00:00\",\"dateModified\":\"2022-07-25T14:51:12+00:00\",\"description\":\"Oli essencial de Vetiver amb una f\u00f3rmula pensada per a alliberar l'estr\u00e8s mental i la tensi\u00f3 corporal, per a connectar cos i ment.\",\"breadcrumb\":{\"@id\":\"https:\\\/\\\/judithserrasinergies.com\\\/ca\\\/producto\\\/oli-essencial-de-vetiver-terra\\\/#breadcrumb\"},\"inLanguage\":\"ca\",\"potentialAction\":[{\"@type\":\"ReadAction\",\"target\":[\"https:\\\/\\\/judithserrasinergies.com\\\/ca\\\/producto\\\/oli-essencial-de-vetiver-terra\\\/\"]}]},{\"@type\":\"ImageObject\",\"inLanguage\":\"ca\",\"@id\":\"https:\\\/\\\/judithserrasinergies.com\\\/ca\\\/producto\\\/oli-essencial-de-vetiver-terra\\\/#primaryimage\",\"url\":\"https:\\\/\\\/judithserrasinergies.com\\\/wp-content\\\/uploads\\\/tierra-30.jpg\",\"contentUrl\":\"https:\\\/\\\/judithserrasinergies.com\\\/wp-content\\\/uploads\\\/tierra-30.jpg\",\"width\":1024,\"height\":1024,\"caption\":\"Aceite esencial de Vetiver Tierra\"},{\"@type\":\"BreadcrumbList\",\"@id\":\"https:\\\/\\\/judithserrasinergies.com\\\/ca\\\/producto\\\/oli-essencial-de-vetiver-terra\\\/#breadcrumb\",\"itemListElement\":[{\"@type\":\"ListItem\",\"position\":1,\"name\":\"Portada\",\"item\":\"https:\\\/\\\/judithserrasinergies.com\\\/ca\\\/\"},{\"@type\":\"ListItem\",\"position\":2,\"name\":\"Botiga\",\"item\":\"https:\\\/\\\/judithserrasinergies.com\\\/tienda\\\/\"},{\"@type\":\"ListItem\",\"position\":3,\"name\":\"Terra\"}]},{\"@type\":\"WebSite\",\"@id\":\"https:\\\/\\\/judithserrasinergies.com\\\/#website\",\"url\":\"https:\\\/\\\/judithserrasinergies.com\\\/\",\"name\":\"Judith Serra\",\"description\":\"\",\"potentialAction\":[{\"@type\":\"SearchAction\",\"target\":{\"@type\":\"EntryPoint\",\"urlTemplate\":\"https:\\\/\\\/judithserrasinergies.com\\\/?s={search_term_string}\"},\"query-input\":{\"@type\":\"PropertyValueSpecification\",\"valueRequired\":true,\"valueName\":\"search_term_string\"}}],\"inLanguage\":\"ca\"}]}<\/script>\n<!-- \/ Yoast SEO plugin. -->","yoast_head_json":{"title":"Oli essencial de\u00a0Vetiver\u00a0Terra","description":"Oli essencial de Vetiver amb una f\u00f3rmula pensada per a alliberar l'estr\u00e8s mental i la tensi\u00f3 corporal, per a connectar cos i ment.","robots":{"index":"index","follow":"follow","max-snippet":"max-snippet:-1","max-image-preview":"max-image-preview:large","max-video-preview":"max-video-preview:-1"},"canonical":"https:\/\/judithserrasinergies.com\/ca\/producto\/oli-essencial-de-vetiver-terra\/","og_locale":"ca_ES","og_type":"article","og_title":"Oli essencial de\u00a0Vetiver\u00a0Terra","og_description":"Oli essencial de Vetiver amb una f\u00f3rmula pensada per a alliberar l'estr\u00e8s mental i la tensi\u00f3 corporal, per a connectar cos i ment.","og_url":"https:\/\/judithserrasinergies.com\/ca\/producto\/oli-essencial-de-vetiver-terra\/","og_site_name":"Judith Serra","article_modified_time":"2022-07-25T14:51:12+00:00","og_image":[{"width":1024,"height":1024,"url":"https:\/\/judithserrasinergies.com\/wp-content\/uploads\/tierra-30.jpg","type":"image\/jpeg"}],"twitter_card":"summary_large_image","schema":{"@context":"https:\/\/schema.org","@graph":[{"@type":"WebPage","@id":"https:\/\/judithserrasinergies.com\/ca\/producto\/oli-essencial-de-vetiver-terra\/","url":"https:\/\/judithserrasinergies.com\/ca\/producto\/oli-essencial-de-vetiver-terra\/","name":"Oli essencial de\u00a0Vetiver\u00a0Terra","isPartOf":{"@id":"https:\/\/judithserrasinergies.com\/#website"},"primaryImageOfPage":{"@id":"https:\/\/judithserrasinergies.com\/ca\/producto\/oli-essencial-de-vetiver-terra\/#primaryimage"},"image":{"@id":"https:\/\/judithserrasinergies.com\/ca\/producto\/oli-essencial-de-vetiver-terra\/#primaryimage"},"thumbnailUrl":"https:\/\/judithserrasinergies.com\/wp-content\/uploads\/tierra-30.jpg","datePublished":"2021-07-01T10:48:59+00:00","dateModified":"2022-07-25T14:51:12+00:00","description":"Oli essencial de Vetiver amb una f\u00f3rmula pensada per a alliberar l'estr\u00e8s mental i la tensi\u00f3 corporal, per a connectar cos i ment.","breadcrumb":{"@id":"https:\/\/judithserrasinergies.com\/ca\/producto\/oli-essencial-de-vetiver-terra\/#breadcrumb"},"inLanguage":"ca","potentialAction":[{"@type":"ReadAction","target":["https:\/\/judithserrasinergies.com\/ca\/producto\/oli-essencial-de-vetiver-terra\/"]}]},{"@type":"ImageObject","inLanguage":"ca","@id":"https:\/\/judithserrasinergies.com\/ca\/producto\/oli-essencial-de-vetiver-terra\/#primaryimage","url":"https:\/\/judithserrasinergies.com\/wp-content\/uploads\/tierra-30.jpg","contentUrl":"https:\/\/judithserrasinergies.com\/wp-content\/uploads\/tierra-30.jpg","width":1024,"height":1024,"caption":"Aceite esencial de Vetiver Tierra"},{"@type":"BreadcrumbList","@id":"https:\/\/judithserrasinergies.com\/ca\/producto\/oli-essencial-de-vetiver-terra\/#breadcrumb","itemListElement":[{"@type":"ListItem","position":1,"name":"Portada","item":"https:\/\/judithserrasinergies.com\/ca\/"},{"@type":"ListItem","position":2,"name":"Botiga","item":"https:\/\/judithserrasinergies.com\/tienda\/"},{"@type":"ListItem","position":3,"name":"Terra"}]},{"@type":"WebSite","@id":"https:\/\/judithserrasinergies.com\/#website","url":"https:\/\/judithserrasinergies.com\/","name":"Judith Serra","description":"","potentialAction":[{"@type":"SearchAction","target":{"@type":"EntryPoint","urlTemplate":"https:\/\/judithserrasinergies.com\/?s={search_term_string}"},"query-input":{"@type":"PropertyValueSpecification","valueRequired":true,"valueName":"search_term_string"}}],"inLanguage":"ca"}]}},"_links":{"self":[{"href":"https:\/\/judithserrasinergies.com\/ca\/wp-json\/wp\/v2\/product\/1344","targetHints":{"allow":["GET"]}}],"collection":[{"href":"https:\/\/judithserrasinergies.com\/ca\/wp-json\/wp\/v2\/product"}],"about":[{"href":"https:\/\/judithserrasinergies.com\/ca\/wp-json\/wp\/v2\/types\/product"}],"wp:featuredmedia":[{"embeddable":true,"href":"https:\/\/judithserrasinergies.com\/ca\/wp-json\/wp\/v2\/media\/1307"}],"wp:attachment":[{"href":"https:\/\/judithserrasinergies.com\/ca\/wp-json\/wp\/v2\/media?parent=1344"}],"wp:term":[{"taxonomy":"product_brand","embeddable":true,"href":"https:\/\/judithserrasinergies.com\/ca\/wp-json\/wp\/v2\/product_brand?post=1344"},{"taxonomy":"product_cat","embeddable":true,"href":"https:\/\/judithserrasinergies.com\/ca\/wp-json\/wp\/v2\/product_cat?post=1344"},{"taxonomy":"product_tag","embeddable":true,"href":"https:\/\/judithserrasinergies.com\/ca\/wp-json\/wp\/v2\/product_tag?post=1344"}],"curies":[{"name":"wp","href":"https:\/\/api.w.org\/{rel}","templated":true}]}}