{"id":1341,"date":"2021-07-02T17:57:34","date_gmt":"2021-07-02T15:57:34","guid":{"rendered":"https:\/\/judithserrasinergies.com\/product\/aire\/"},"modified":"2022-07-25T16:52:44","modified_gmt":"2022-07-25T14:52:44","slug":"aire","status":"publish","type":"product","link":"https:\/\/judithserrasinergies.com\/ca\/producto\/aire\/","title":{"rendered":"Aire"},"excerpt":{"rendered":"<p>F\u00f3rmula pensada per a trobar la pau mental en qualsevol moment o lloc. Tamb\u00e9 est\u00e0 creada per a acompanyar-te a estar en contacte amb la naturalesa o per a fer \u201cbanys de bosc\u201d, sessions de ioga i meditaci\u00f3.<\/p>\n<p><em>Aire \u00e9s silenci, connexi\u00f3, naturalesa i pres\u00e8ncia.<\/em><\/p>\n","protected":false},"featured_media":1303,"template":"","meta":[],"product_brand":[],"product_cat":[41],"product_tag":[44],"class_list":{"0":"post-1341","1":"product","2":"type-product","3":"status-publish","4":"has-post-thumbnail","6":"product_cat-productos","7":"product_tag-aire-ca","9":"first","10":"instock","11":"taxable","12":"shipping-taxable","13":"purchasable","14":"product-type-variable"},"yoast_head":"<!-- This site is optimized with the Yoast SEO plugin v27.4 - https:\/\/yoast.com\/product\/yoast-seo-wordpress\/ -->\n<title>Olis essencials 100% purs de lavanda Aire<\/title>\n<meta name=\"description\" content=\"Olis essencials 100% purs de lavanda amb una F\u00f3rmula pensada per a trobar pau mental en qualsevol moment o lloc.\" \/>\n<meta name=\"robots\" content=\"index, follow, max-snippet:-1, max-image-preview:large, max-video-preview:-1\" \/>\n<link rel=\"canonical\" href=\"https:\/\/judithserrasinergies.com\/ca\/producto\/aire\/\" \/>\n<meta property=\"og:locale\" content=\"ca_ES\" \/>\n<meta property=\"og:type\" content=\"article\" \/>\n<meta property=\"og:title\" content=\"Olis essencials 100% purs de lavanda Aire\" \/>\n<meta property=\"og:description\" content=\"Olis essencials 100% purs de lavanda amb una F\u00f3rmula pensada per a trobar pau mental en qualsevol moment o lloc.\" \/>\n<meta property=\"og:url\" content=\"https:\/\/judithserrasinergies.com\/ca\/producto\/aire\/\" \/>\n<meta property=\"og:site_name\" content=\"Judith Serra\" \/>\n<meta property=\"article:modified_time\" content=\"2022-07-25T14:52:44+00:00\" \/>\n<meta property=\"og:image\" content=\"https:\/\/judithserrasinergies.com\/wp-content\/uploads\/aire-30.jpg\" \/>\n\t<meta property=\"og:image:width\" content=\"1024\" \/>\n\t<meta property=\"og:image:height\" content=\"1024\" \/>\n\t<meta property=\"og:image:type\" content=\"image\/jpeg\" \/>\n<meta name=\"twitter:card\" content=\"summary_large_image\" \/>\n<script type=\"application\/ld+json\" class=\"yoast-schema-graph\">{\"@context\":\"https:\\\/\\\/schema.org\",\"@graph\":[{\"@type\":\"WebPage\",\"@id\":\"https:\\\/\\\/judithserrasinergies.com\\\/ca\\\/producto\\\/aire\\\/\",\"url\":\"https:\\\/\\\/judithserrasinergies.com\\\/ca\\\/producto\\\/aire\\\/\",\"name\":\"Olis essencials 100% purs de lavanda Aire\",\"isPartOf\":{\"@id\":\"https:\\\/\\\/judithserrasinergies.com\\\/#website\"},\"primaryImageOfPage\":{\"@id\":\"https:\\\/\\\/judithserrasinergies.com\\\/ca\\\/producto\\\/aire\\\/#primaryimage\"},\"image\":{\"@id\":\"https:\\\/\\\/judithserrasinergies.com\\\/ca\\\/producto\\\/aire\\\/#primaryimage\"},\"thumbnailUrl\":\"https:\\\/\\\/judithserrasinergies.com\\\/wp-content\\\/uploads\\\/aire-30.jpg\",\"datePublished\":\"2021-07-02T15:57:34+00:00\",\"dateModified\":\"2022-07-25T14:52:44+00:00\",\"description\":\"Olis essencials 100% purs de lavanda amb una F\u00f3rmula pensada per a trobar pau mental en qualsevol moment o lloc.\",\"breadcrumb\":{\"@id\":\"https:\\\/\\\/judithserrasinergies.com\\\/ca\\\/producto\\\/aire\\\/#breadcrumb\"},\"inLanguage\":\"ca\",\"potentialAction\":[{\"@type\":\"ReadAction\",\"target\":[\"https:\\\/\\\/judithserrasinergies.com\\\/ca\\\/producto\\\/aire\\\/\"]}]},{\"@type\":\"ImageObject\",\"inLanguage\":\"ca\",\"@id\":\"https:\\\/\\\/judithserrasinergies.com\\\/ca\\\/producto\\\/aire\\\/#primaryimage\",\"url\":\"https:\\\/\\\/judithserrasinergies.com\\\/wp-content\\\/uploads\\\/aire-30.jpg\",\"contentUrl\":\"https:\\\/\\\/judithserrasinergies.com\\\/wp-content\\\/uploads\\\/aire-30.jpg\",\"width\":1024,\"height\":1024,\"caption\":\"Aceites esenciales 100% puros de lavanda Aire\"},{\"@type\":\"BreadcrumbList\",\"@id\":\"https:\\\/\\\/judithserrasinergies.com\\\/ca\\\/producto\\\/aire\\\/#breadcrumb\",\"itemListElement\":[{\"@type\":\"ListItem\",\"position\":1,\"name\":\"Portada\",\"item\":\"https:\\\/\\\/judithserrasinergies.com\\\/ca\\\/\"},{\"@type\":\"ListItem\",\"position\":2,\"name\":\"Botiga\",\"item\":\"https:\\\/\\\/judithserrasinergies.com\\\/tienda\\\/\"},{\"@type\":\"ListItem\",\"position\":3,\"name\":\"Aire\"}]},{\"@type\":\"WebSite\",\"@id\":\"https:\\\/\\\/judithserrasinergies.com\\\/#website\",\"url\":\"https:\\\/\\\/judithserrasinergies.com\\\/\",\"name\":\"Judith Serra\",\"description\":\"\",\"potentialAction\":[{\"@type\":\"SearchAction\",\"target\":{\"@type\":\"EntryPoint\",\"urlTemplate\":\"https:\\\/\\\/judithserrasinergies.com\\\/?s={search_term_string}\"},\"query-input\":{\"@type\":\"PropertyValueSpecification\",\"valueRequired\":true,\"valueName\":\"search_term_string\"}}],\"inLanguage\":\"ca\"}]}<\/script>\n<!-- \/ Yoast SEO plugin. -->","yoast_head_json":{"title":"Olis essencials 100% purs de lavanda Aire","description":"Olis essencials 100% purs de lavanda amb una F\u00f3rmula pensada per a trobar pau mental en qualsevol moment o lloc.","robots":{"index":"index","follow":"follow","max-snippet":"max-snippet:-1","max-image-preview":"max-image-preview:large","max-video-preview":"max-video-preview:-1"},"canonical":"https:\/\/judithserrasinergies.com\/ca\/producto\/aire\/","og_locale":"ca_ES","og_type":"article","og_title":"Olis essencials 100% purs de lavanda Aire","og_description":"Olis essencials 100% purs de lavanda amb una F\u00f3rmula pensada per a trobar pau mental en qualsevol moment o lloc.","og_url":"https:\/\/judithserrasinergies.com\/ca\/producto\/aire\/","og_site_name":"Judith Serra","article_modified_time":"2022-07-25T14:52:44+00:00","og_image":[{"width":1024,"height":1024,"url":"https:\/\/judithserrasinergies.com\/wp-content\/uploads\/aire-30.jpg","type":"image\/jpeg"}],"twitter_card":"summary_large_image","schema":{"@context":"https:\/\/schema.org","@graph":[{"@type":"WebPage","@id":"https:\/\/judithserrasinergies.com\/ca\/producto\/aire\/","url":"https:\/\/judithserrasinergies.com\/ca\/producto\/aire\/","name":"Olis essencials 100% purs de lavanda Aire","isPartOf":{"@id":"https:\/\/judithserrasinergies.com\/#website"},"primaryImageOfPage":{"@id":"https:\/\/judithserrasinergies.com\/ca\/producto\/aire\/#primaryimage"},"image":{"@id":"https:\/\/judithserrasinergies.com\/ca\/producto\/aire\/#primaryimage"},"thumbnailUrl":"https:\/\/judithserrasinergies.com\/wp-content\/uploads\/aire-30.jpg","datePublished":"2021-07-02T15:57:34+00:00","dateModified":"2022-07-25T14:52:44+00:00","description":"Olis essencials 100% purs de lavanda amb una F\u00f3rmula pensada per a trobar pau mental en qualsevol moment o lloc.","breadcrumb":{"@id":"https:\/\/judithserrasinergies.com\/ca\/producto\/aire\/#breadcrumb"},"inLanguage":"ca","potentialAction":[{"@type":"ReadAction","target":["https:\/\/judithserrasinergies.com\/ca\/producto\/aire\/"]}]},{"@type":"ImageObject","inLanguage":"ca","@id":"https:\/\/judithserrasinergies.com\/ca\/producto\/aire\/#primaryimage","url":"https:\/\/judithserrasinergies.com\/wp-content\/uploads\/aire-30.jpg","contentUrl":"https:\/\/judithserrasinergies.com\/wp-content\/uploads\/aire-30.jpg","width":1024,"height":1024,"caption":"Aceites esenciales 100% puros de lavanda Aire"},{"@type":"BreadcrumbList","@id":"https:\/\/judithserrasinergies.com\/ca\/producto\/aire\/#breadcrumb","itemListElement":[{"@type":"ListItem","position":1,"name":"Portada","item":"https:\/\/judithserrasinergies.com\/ca\/"},{"@type":"ListItem","position":2,"name":"Botiga","item":"https:\/\/judithserrasinergies.com\/tienda\/"},{"@type":"ListItem","position":3,"name":"Aire"}]},{"@type":"WebSite","@id":"https:\/\/judithserrasinergies.com\/#website","url":"https:\/\/judithserrasinergies.com\/","name":"Judith Serra","description":"","potentialAction":[{"@type":"SearchAction","target":{"@type":"EntryPoint","urlTemplate":"https:\/\/judithserrasinergies.com\/?s={search_term_string}"},"query-input":{"@type":"PropertyValueSpecification","valueRequired":true,"valueName":"search_term_string"}}],"inLanguage":"ca"}]}},"_links":{"self":[{"href":"https:\/\/judithserrasinergies.com\/ca\/wp-json\/wp\/v2\/product\/1341","targetHints":{"allow":["GET"]}}],"collection":[{"href":"https:\/\/judithserrasinergies.com\/ca\/wp-json\/wp\/v2\/product"}],"about":[{"href":"https:\/\/judithserrasinergies.com\/ca\/wp-json\/wp\/v2\/types\/product"}],"wp:featuredmedia":[{"embeddable":true,"href":"https:\/\/judithserrasinergies.com\/ca\/wp-json\/wp\/v2\/media\/1303"}],"wp:attachment":[{"href":"https:\/\/judithserrasinergies.com\/ca\/wp-json\/wp\/v2\/media?parent=1341"}],"wp:term":[{"taxonomy":"product_brand","embeddable":true,"href":"https:\/\/judithserrasinergies.com\/ca\/wp-json\/wp\/v2\/product_brand?post=1341"},{"taxonomy":"product_cat","embeddable":true,"href":"https:\/\/judithserrasinergies.com\/ca\/wp-json\/wp\/v2\/product_cat?post=1341"},{"taxonomy":"product_tag","embeddable":true,"href":"https:\/\/judithserrasinergies.com\/ca\/wp-json\/wp\/v2\/product_tag?post=1341"}],"curies":[{"name":"wp","href":"https:\/\/api.w.org\/{rel}","templated":true}]}}