{"id":1446,"date":"2021-09-09T13:44:07","date_gmt":"2021-09-09T11:44:07","guid":{"rendered":"https:\/\/judithserrasinergies.com\/politica-de-cookies\/"},"modified":"2022-07-14T17:42:00","modified_gmt":"2022-07-14T15:42:00","slug":"politica-de-cookies","status":"publish","type":"page","link":"https:\/\/judithserrasinergies.com\/ca\/politica-de-cookies\/","title":{"rendered":"POL\u00cdTICA DE COOKIES"},"content":{"rendered":"\t\t<div data-elementor-type=\"wp-page\" data-elementor-id=\"1446\" class=\"elementor elementor-1446 elementor-489\" data-elementor-post-type=\"page\">\n\t\t\t\t\t\t<section class=\"elementor-section elementor-top-section elementor-element elementor-element-0c36242 elementor-section-boxed elementor-section-height-default elementor-section-height-default\" data-id=\"0c36242\" data-element_type=\"section\" data-e-type=\"section\">\n\t\t\t\t\t\t<div class=\"elementor-container elementor-column-gap-default\">\n\t\t\t\t\t<div class=\"elementor-column elementor-col-100 elementor-top-column elementor-element elementor-element-dd40ea8\" data-id=\"dd40ea8\" data-element_type=\"column\" data-e-type=\"column\">\n\t\t\t<div class=\"elementor-widget-wrap elementor-element-populated\">\n\t\t\t\t\t\t<div class=\"elementor-element elementor-element-e7c488a elementor-widget elementor-widget-heading\" data-id=\"e7c488a\" data-element_type=\"widget\" data-e-type=\"widget\" data-widget_type=\"heading.default\">\n\t\t\t\t<div class=\"elementor-widget-container\">\n\t\t\t\t\t<h1 class=\"elementor-heading-title elementor-size-default\">POL\u00cdTICA DE COOKIES<\/h1>\t\t\t\t<\/div>\n\t\t\t\t<\/div>\n\t\t\t\t<div class=\"elementor-element elementor-element-9aedc45 elementor-widget elementor-widget-heading\" data-id=\"9aedc45\" data-element_type=\"widget\" data-e-type=\"widget\" data-widget_type=\"heading.default\">\n\t\t\t\t<div class=\"elementor-widget-container\">\n\t\t\t\t\t<h2 class=\"elementor-heading-title elementor-size-default\">1. DADES IDENTIFICATIVES <\/h2>\t\t\t\t<\/div>\n\t\t\t\t<\/div>\n\t\t\t\t<div class=\"elementor-element elementor-element-abf1547 elementor-widget elementor-widget-text-editor\" data-id=\"abf1547\" data-element_type=\"widget\" data-e-type=\"widget\" data-widget_type=\"text-editor.default\">\n\t\t\t\t<div class=\"elementor-widget-container\">\n\t\t\t\t\t\t\t\t\t<p><strong>Empresa:<\/strong> Judit Serra Boixader (d\u2019ara en endavant, &#8220;JUDITH SERRA &#8220;)<\/p>\n<p><strong>NIF:<\/strong> 77737803B<\/p>\n<p><strong>Direcci\u00f3:<\/strong> Apartado Correos n\u00fam. 103 de la Oficina de Berga, Carrer del Roser, 40, 08600, Berga, Barcelona, Espa\u00f1a<\/p>\n<p><strong>Correu electr\u00f2nic:<\/strong> hola@judithserrasinergies.com<\/p>\n<p><strong>Lloc web:<\/strong> www.judithserrasinergies.com<\/p>\n<p>De conformitat amb el que estableix la Llei 34\/2002 de Serveis de la Societat de la Informaci\u00f3, l&#8217;informem que el lloc web www.leshoresencantades.com, utilitza cookies. Les cookies s\u00f3n petits fitxers d&#8217;informaci\u00f3 de la p\u00e0gina web que l&#8217;usuari que el visita emmagatzema en el seu ordinador o dispositiu. Aix\u00f2, ens permet entre altres coses, millorar el proc\u00e9s de navegaci\u00f3.<\/p>\n\t\t\t\t\t\t\t\t<\/div>\n\t\t\t\t<\/div>\n\t\t\t\t<div class=\"elementor-element elementor-element-8eff789 elementor-widget elementor-widget-heading\" data-id=\"8eff789\" data-element_type=\"widget\" data-e-type=\"widget\" data-widget_type=\"heading.default\">\n\t\t\t\t<div class=\"elementor-widget-container\">\n\t\t\t\t\t<h2 class=\"elementor-heading-title elementor-size-default\">2. COOKIES UTILITZADES EN EL LLOC WEB<\/h2>\t\t\t\t<\/div>\n\t\t\t\t<\/div>\n\t\t\t\t<div class=\"elementor-element elementor-element-b973ea0 elementor-widget elementor-widget-text-editor\" data-id=\"b973ea0\" data-element_type=\"widget\" data-e-type=\"widget\" data-widget_type=\"text-editor.default\">\n\t\t\t\t<div class=\"elementor-widget-container\">\n\t\t\t\t\t\t\t\t\t<p style=\"font-weight: 400;\">Podem classificar les cookies atenent als seg\u00fcents par\u00e0metres:<\/p>\n<ol>\n<li style=\"font-weight: 400;\">i) Entitat gestora<\/li>\n<\/ol>\n<p style=\"font-weight: 400;\">Depenent de quina entitat gestioni el lloc web o domini des del qual es configuren i processen les cookies, hi ha els seg\u00fcents tipus de cookies:<\/p>\n<p style=\"font-weight: 400;\"><strong>&#8211; Cookies d&#8217;origen<\/strong>. S\u00f3n cookies que s&#8217;envien a l&#8217;ordinador de l&#8217;usuari des d&#8217;un dispositiu o domini gestionat per nosaltres i des del qual es presta el servei sol\u00b7licitat per l&#8217;usuari.<\/p>\n<p style=\"font-weight: 400;\"><strong>&#8211; Cookies de tercers<\/strong>. S\u00f3n cookies que s&#8217;envien a l&#8217;ordinador de l&#8217;usuari des d&#8217;un dispositiu o domini no gestionat per l&#8217;editor, sin\u00f3 per una altra entitat que processa les dades obtingudes a trav\u00e9s de les cookies.<\/p>\n<ol>\n<li style=\"font-weight: 400;\">ii) Temps d&#8217;instal\u00b7laci\u00f3<\/li>\n<\/ol>\n<p style=\"font-weight: 400;\">Depenent de la quantitat de temps que romangui actiu en el seu Dispositiu, aquests s\u00f3n els seg\u00fcents tipus de cookies:<\/p>\n<p style=\"font-weight: 400;\"><strong>&#8211; Cookies de sessi\u00f3<\/strong>. Aquestes cookies estan dissenyades per rebre i emmagatzemar dades mentre accedeix a la p\u00e0gina web. Aquestes cookies no romanen al dispositiu quan surt de la sessi\u00f3 de el navegador o de la p\u00e0gina web.<\/p>\n<p style=\"font-weight: 400;\"><strong>&#8211; Cookies persistents<\/strong>. Aquestes cookies romanen al dispositiu i es pot accedir i processar despr\u00e9s de sortir de la p\u00e0gina web, aix\u00ed com quan navega en ell durant un per\u00edode de temps predeterminat. La galeta roman en el disc dur fins que arriba a la seva data de venciment.<\/p>\n<p style=\"font-weight: 400;\">iii) Finalitat<\/p>\n<p style=\"font-weight: 400;\">Depenent de la funci\u00f3 de la galeta, les cookies es poden agrupar de la seg\u00fcent manera:<\/p>\n<p style=\"font-weight: 400;\"><strong>&#8211; Cookies necess\u00e0ries.<\/strong> Les cookies necess\u00e0ries ajuden a que un lloc web sigui utilitzable a l&#8217;habilitar funcions b\u00e0siques com la navegaci\u00f3 de p\u00e0gines i l&#8217;acc\u00e9s a \u00e0rees segures del lloc web. El lloc web no pot funcionar sense aquestes cookies.<\/p>\n<p style=\"font-weight: 400;\"><strong>&#8211; Cookies de prefer\u00e8ncies:<\/strong> Cookies que permeten recordar informaci\u00f3, de manera que els usuaris puguin accedir a el servei en determinades condicions que distingeixen la seva experi\u00e8ncia de la d&#8217;altres usuaris, com l&#8217;idioma, el nombre de resultats de cerca a mostrar, l&#8217;aspecte o contingut de el servei segons el navegador a trav\u00e9s del qual accedeixen o la regi\u00f3 des de la qual s&#8217;accedeix. Aquest tipus de cookies permeten oferir un servei personalitzat.<\/p>\n<p style=\"font-weight: 400;\"><strong>&#8211; Cookies anal\u00edtiques:<\/strong> s\u00f3n aquelles que permeten quantificar el nombre de visitants i analitzar estad\u00edsticament la utilitzaci\u00f3 que fan els usuaris de l&#8217;portal web. La informaci\u00f3 recollida mitjan\u00e7ant aquest tipus de cookies s&#8217;utilitza en el mesurament de l&#8217;activitat del Lloc Web i per a l&#8217;elaboraci\u00f3 de perfils de navegaci\u00f3 anonimitzades dels usuaris, per tal d&#8217;introduir millores en funci\u00f3 de l&#8217;an\u00e0lisi de les dades d&#8217;\u00fas que fan els usuaris de el servei i \/ o portal.<\/p>\n<p style=\"font-weight: 400;\"><strong>&#8211; Cookies de m\u00e0rqueting:<\/strong> Les cookies de m\u00e0rqueting s&#8217;utilitzen per rastrejar visitants a llocs web. La intenci\u00f3 \u00e9s mostrar anuncis que siguin rellevants i atractius per a l&#8217;usuari individual i, per tant, m\u00e9s valuosos per als editors i anunciants externs.<\/p>\n\t\t\t\t\t\t\t\t<\/div>\n\t\t\t\t<\/div>\n\t\t\t\t<div class=\"elementor-element elementor-element-2c83a1c elementor-widget elementor-widget-heading\" data-id=\"2c83a1c\" data-element_type=\"widget\" data-e-type=\"widget\" data-widget_type=\"heading.default\">\n\t\t\t\t<div class=\"elementor-widget-container\">\n\t\t\t\t\t<h2 class=\"elementor-heading-title elementor-size-default\">3. LLISTAT DE COOKIES DETECTADES<\/h2>\t\t\t\t<\/div>\n\t\t\t\t<\/div>\n\t\t\t\t<div class=\"elementor-element elementor-element-f81dc3e elementor-widget elementor-widget-text-editor\" data-id=\"f81dc3e\" data-element_type=\"widget\" data-e-type=\"widget\" data-widget_type=\"text-editor.default\">\n\t\t\t\t<div class=\"elementor-widget-container\">\n\t\t\t\t\t\t\t\t\t<p>A continuaci\u00f3 es poden observar les cookies utilitzades per JUDITH SERRA:<\/p>\n<p><strong>Cookies necess\u00e0ries<\/strong><\/p>\n<table width=\"411\">\n<tbody>\n<tr>\n<td width=\"78\"><strong>Nombre<\/strong><\/td>\n<td width=\"125\"><strong>Proveedor<\/strong><\/td>\n<td width=\"60\"><strong>Caducidad<\/strong><\/td>\n<td width=\"148\"><strong>Descripci\u00f3n <\/strong><\/td>\n<\/tr>\n<tr>\n<td width=\"78\">cmplz_policy_id<\/td>\n<td width=\"125\">judithserrasinergies.com<\/td>\n<td width=\"60\">1 any<\/td>\n<td width=\"148\">Aquesta cookie determina si el visitant ha acceptat les cookies. A m\u00e9s, assegura que el banner de cookies no apareixer\u00e0 de nou quan el usuari torni a entrar.<\/td>\n<\/tr>\n<tr>\n<td width=\"78\">cmplz_statistics-anonymous<\/td>\n<td width=\"125\">judithserrasinergies.com<\/td>\n<td width=\"60\">1 any<\/td>\n<td width=\"148\">Aquesta cookie determina si el visitant ha acceptat el checkbox les cookies.<\/td>\n<\/tr>\n<tr>\n<td width=\"78\">elementor<\/td>\n<td width=\"125\">judithserrasinergies.com<\/td>\n<td width=\"60\">Persistent<\/td>\n<td width=\"148\">Aquesta cookie es utilitzada en el context del tema de WordPress. La cookie permet a la p\u00e0gina web implementar o canviar el contingut de la web en temps real.<\/td>\n<\/tr>\n<tr>\n<td width=\"78\">wc_cart_hash_#<\/td>\n<td width=\"125\">judithserrasinergies.com<\/td>\n<td width=\"60\">Persistent<\/td>\n<td width=\"148\">Aquesta cookie determina si el visitant ha acceptar la utilitzaci\u00f3 de les cookies en el box de consentiment. D\u2019aquesta manera assegura que el consentiment per a les cookies no tornar\u00e0 a ser presentat quan l\u2019usuari accedeixi de nou.<\/td>\n<\/tr>\n<tr>\n<td width=\"78\">wc_fragments_#<\/td>\n<td width=\"125\">judithserrasinergies.com<\/td>\n<td width=\"60\">Sessi\u00f3<\/td>\n<td width=\"148\">Aquesta cookie determina si el visitant ha acceptar la utilitzaci\u00f3 de les cookies en el box de consentiment. D\u2019aquesta manera assegura que el consentiment per a les cookies no tornar\u00e0 a ser presentat quan l\u2019usuari accedeixi de nou.<\/td>\n<\/tr>\n<\/tbody>\n<\/table>\n<p>&nbsp;<\/p>\n<p><strong>Cookies de xarxes socials externes<\/strong><\/p>\n<p>S&#8217;utilitzen perqu\u00e8 l&#8217;usuari pugui interactuar amb el contingut de diferents plataformes socials. Les condicions d&#8217;utilitzaci\u00f3 d&#8217;aquestes galetes i la informaci\u00f3 recopilada es regulen per la pol\u00edtica de privacitat de la plataforma social corresponent. Actualment fem \u00fas de les diferents xarxes socials:<\/p>\n<ul>\n<li>https:\/\/www.google.com\/intl\/es_es\/policies\/technologies\/types\/<\/li>\n<li>https:\/\/www.instagram.com\/legal\/cookies\/<\/li>\n<li>https:\/\/www.facebook.com\/policies\/cookies\/<\/li>\n<\/ul>\n\t\t\t\t\t\t\t\t<\/div>\n\t\t\t\t<\/div>\n\t\t\t\t<div class=\"elementor-element elementor-element-aff43fa elementor-widget elementor-widget-heading\" data-id=\"aff43fa\" data-element_type=\"widget\" data-e-type=\"widget\" data-widget_type=\"heading.default\">\n\t\t\t\t<div class=\"elementor-widget-container\">\n\t\t\t\t\t<h2 class=\"elementor-heading-title elementor-size-default\">4. DESACTIVACI\u00d3 O ELIMINACI\u00d3 DE COOKIES<\/h2>\t\t\t\t<\/div>\n\t\t\t\t<\/div>\n\t\t\t\t<div class=\"elementor-element elementor-element-d7b5238 elementor-widget elementor-widget-text-editor\" data-id=\"d7b5238\" data-element_type=\"widget\" data-e-type=\"widget\" data-widget_type=\"text-editor.default\">\n\t\t\t\t<div class=\"elementor-widget-container\">\n\t\t\t\t\t\t\t\t\t<p>En el cas de voler modificar la configuraci\u00f3 de cookies del navegador, com a usuari pots fer-ho mitjan\u00e7ant la configuraci\u00f3 de les opcions del mateix. Podr\u00e0s trobar informaci\u00f3 sobre com modificar les pol\u00edtiques de cookies dels diferents navegadors en els seg\u00fcents enlla\u00e7os:<\/p>\n<p>(i) Per a Microsoft Internet Explorer: https:\/\/support.microsoft.com\/es-es\/help\/17442\/windows-internet-explorer-delete-manage-cookies<\/p>\n<p>(ii) Per a Firefox: http:\/\/support.mozilla.org\/es\/kb\/habilitar-y-deshabilitar-cookies-que-los-sitios-we<\/p>\n<p>(iii) Per Safari: https:\/\/support.apple.com\/kb\/PH19214?viewlocale=es_ES&amp;locale=es_ES<\/p>\n<p>(iv) Per a Google Chrome: http:\/\/support.google.com\/chrome\/bin\/answer.py?hl=es&amp;answer=95647<\/p>\n\t\t\t\t\t\t\t\t<\/div>\n\t\t\t\t<\/div>\n\t\t\t\t<div class=\"elementor-element elementor-element-dd55533 elementor-widget elementor-widget-heading\" data-id=\"dd55533\" data-element_type=\"widget\" data-e-type=\"widget\" data-widget_type=\"heading.default\">\n\t\t\t\t<div class=\"elementor-widget-container\">\n\t\t\t\t\t<h2 class=\"elementor-heading-title elementor-size-default\">5. NOTES ADDICIONALS<\/h2>\t\t\t\t<\/div>\n\t\t\t\t<\/div>\n\t\t\t\t<div class=\"elementor-element elementor-element-b99b096 elementor-widget elementor-widget-text-editor\" data-id=\"b99b096\" data-element_type=\"widget\" data-e-type=\"widget\" data-widget_type=\"text-editor.default\">\n\t\t\t\t<div class=\"elementor-widget-container\">\n\t\t\t\t\t\t\t\t\t<p>Els navegadors web s\u00f3n les eines encarregades d&#8217;emmagatzemar les cookies i des d&#8217;aquest lloc com a usuari pots exercitar el teu dret a eliminaci\u00f3 o desactivaci\u00f3 de les mateixes. Ni aquest web ni els seus representants legals podem garantir la correcta o incorrecta manipulaci\u00f3 de les cookies per part dels esmentats navegadors. Informem que si no vols que els llocs web posin cap galeta a l&#8217;equip pots adaptar la configuraci\u00f3 de el navegador de manera que es notifiqui abans que es col\u00b7loqui cap galeta al teu dispositiu.<\/p>\n<p>L&#8217;acceptaci\u00f3 de la present pol\u00edtica de cookies implica que com a usuari has estat informat d&#8217;una forma clara i completa sobre l&#8217;\u00fas de dispositius d&#8217;emmagatzematge i recuperaci\u00f3 de dades (cookies) aix\u00ed com que JUDITH SERRA disposa del teu consentiment per a l&#8217;\u00fas de les mateixes tal com estableix la normativa.<\/p>\n<p>En el cas que tinguis algun dubte sobre la pol\u00edtica de cookies de la p\u00e0gina web, pots dirigir-se a: hola@judithserrasinergies.com.<\/p>\n<p>En el sup\u00f2sit de voler con\u00e8ixer amb m\u00e9s detalls en qu\u00e8 consisteixen les cookies, en aquest link es pot accedir a la guia de cookies editada per l&#8217;Ag\u00e8ncia Espanyola de Protecci\u00f3 de Dades: https:\/\/www.aepd.es\/sites\/default\/ files \/ 2020-07 \/ guia-cookies.<\/p>\n<p>&nbsp;<\/p>\n\t\t\t\t\t\t\t\t<\/div>\n\t\t\t\t<\/div>\n\t\t\t\t\t<\/div>\n\t\t<\/div>\n\t\t\t\t\t<\/div>\n\t\t<\/section>\n\t\t\t\t<\/div>\n\t\t","protected":false},"excerpt":{"rendered":"<p>POL\u00cdTICA DE COOKIES 1. DADES IDENTIFICATIVES Empresa: Judit Serra Boixader (d\u2019ara en endavant, &#8220;JUDITH SERRA &#8220;) NIF: 77737803B Direcci\u00f3: Apartado Correos n\u00fam. 103 de la Oficina de Berga, Carrer del Roser, 40, 08600, Berga, Barcelona, Espa\u00f1a Correu electr\u00f2nic: hola@judithserrasinergies.com Lloc web: www.judithserrasinergies.com De conformitat amb el que estableix la Llei 34\/2002 de Serveis de la &hellip;<\/p>\n<p class=\"read-more\"> <a class=\"\" href=\"https:\/\/judithserrasinergies.com\/ca\/politica-de-cookies\/\"> <span class=\"screen-reader-text\">POL\u00cdTICA DE COOKIES<\/span> Llegeix m\u00e9s &raquo;<\/a><\/p>\n","protected":false},"author":1,"featured_media":0,"parent":0,"menu_order":0,"comment_status":"closed","ping_status":"closed","template":"","meta":{"footnotes":""},"class_list":["post-1446","page","type-page","status-publish","hentry"],"yoast_head":"<!-- This site is optimized with the Yoast SEO plugin v27.4 - https:\/\/yoast.com\/product\/yoast-seo-wordpress\/ -->\n<title>POL\u00cdTICA DE COOKIES - Judith Serra<\/title>\n<meta name=\"robots\" content=\"noindex, nofollow\" \/>\n<meta property=\"og:locale\" content=\"ca_ES\" \/>\n<meta property=\"og:type\" content=\"article\" \/>\n<meta property=\"og:title\" content=\"POL\u00cdTICA DE COOKIES - Judith Serra\" \/>\n<meta property=\"og:description\" content=\"POL\u00cdTICA DE COOKIES 1. DADES IDENTIFICATIVES Empresa: Judit Serra Boixader (d\u2019ara en endavant, &#8220;JUDITH SERRA &#8220;) NIF: 77737803B Direcci\u00f3: Apartado Correos n\u00fam. 103 de la Oficina de Berga, Carrer del Roser, 40, 08600, Berga, Barcelona, Espa\u00f1a Correu electr\u00f2nic: hola@judithserrasinergies.com Lloc web: www.judithserrasinergies.com De conformitat amb el que estableix la Llei 34\/2002 de Serveis de la &hellip; POL\u00cdTICA DE COOKIES Llegeix m\u00e9s &raquo;\" \/>\n<meta property=\"og:url\" content=\"https:\/\/judithserrasinergies.com\/ca\/politica-de-cookies\/\" \/>\n<meta property=\"og:site_name\" content=\"Judith Serra\" \/>\n<meta property=\"article:modified_time\" content=\"2022-07-14T15:42:00+00:00\" \/>\n<meta name=\"twitter:card\" content=\"summary_large_image\" \/>\n<meta name=\"twitter:label1\" content=\"Temps estimat de lectura\" \/>\n\t<meta name=\"twitter:data1\" content=\"5 minuts\" \/>\n<script type=\"application\/ld+json\" class=\"yoast-schema-graph\">{\"@context\":\"https:\\\/\\\/schema.org\",\"@graph\":[{\"@type\":\"WebPage\",\"@id\":\"https:\\\/\\\/judithserrasinergies.com\\\/ca\\\/politica-de-cookies\\\/\",\"url\":\"https:\\\/\\\/judithserrasinergies.com\\\/ca\\\/politica-de-cookies\\\/\",\"name\":\"POL\u00cdTICA DE COOKIES - Judith Serra\",\"isPartOf\":{\"@id\":\"https:\\\/\\\/judithserrasinergies.com\\\/#website\"},\"datePublished\":\"2021-09-09T11:44:07+00:00\",\"dateModified\":\"2022-07-14T15:42:00+00:00\",\"breadcrumb\":{\"@id\":\"https:\\\/\\\/judithserrasinergies.com\\\/ca\\\/politica-de-cookies\\\/#breadcrumb\"},\"inLanguage\":\"ca\",\"potentialAction\":[{\"@type\":\"ReadAction\",\"target\":[\"https:\\\/\\\/judithserrasinergies.com\\\/ca\\\/politica-de-cookies\\\/\"]}]},{\"@type\":\"BreadcrumbList\",\"@id\":\"https:\\\/\\\/judithserrasinergies.com\\\/ca\\\/politica-de-cookies\\\/#breadcrumb\",\"itemListElement\":[{\"@type\":\"ListItem\",\"position\":1,\"name\":\"Portada\",\"item\":\"https:\\\/\\\/judithserrasinergies.com\\\/ca\\\/\"},{\"@type\":\"ListItem\",\"position\":2,\"name\":\"POL\u00cdTICA DE COOKIES\"}]},{\"@type\":\"WebSite\",\"@id\":\"https:\\\/\\\/judithserrasinergies.com\\\/#website\",\"url\":\"https:\\\/\\\/judithserrasinergies.com\\\/\",\"name\":\"Judith Serra\",\"description\":\"\",\"potentialAction\":[{\"@type\":\"SearchAction\",\"target\":{\"@type\":\"EntryPoint\",\"urlTemplate\":\"https:\\\/\\\/judithserrasinergies.com\\\/?s={search_term_string}\"},\"query-input\":{\"@type\":\"PropertyValueSpecification\",\"valueRequired\":true,\"valueName\":\"search_term_string\"}}],\"inLanguage\":\"ca\"}]}<\/script>\n<!-- \/ Yoast SEO plugin. -->","yoast_head_json":{"title":"POL\u00cdTICA DE COOKIES - Judith Serra","robots":{"index":"noindex","follow":"nofollow"},"og_locale":"ca_ES","og_type":"article","og_title":"POL\u00cdTICA DE COOKIES - Judith Serra","og_description":"POL\u00cdTICA DE COOKIES 1. DADES IDENTIFICATIVES Empresa: Judit Serra Boixader (d\u2019ara en endavant, &#8220;JUDITH SERRA &#8220;) NIF: 77737803B Direcci\u00f3: Apartado Correos n\u00fam. 103 de la Oficina de Berga, Carrer del Roser, 40, 08600, Berga, Barcelona, Espa\u00f1a Correu electr\u00f2nic: hola@judithserrasinergies.com Lloc web: www.judithserrasinergies.com De conformitat amb el que estableix la Llei 34\/2002 de Serveis de la &hellip; POL\u00cdTICA DE COOKIES Llegeix m\u00e9s &raquo;","og_url":"https:\/\/judithserrasinergies.com\/ca\/politica-de-cookies\/","og_site_name":"Judith Serra","article_modified_time":"2022-07-14T15:42:00+00:00","twitter_card":"summary_large_image","twitter_misc":{"Temps estimat de lectura":"5 minuts"},"schema":{"@context":"https:\/\/schema.org","@graph":[{"@type":"WebPage","@id":"https:\/\/judithserrasinergies.com\/ca\/politica-de-cookies\/","url":"https:\/\/judithserrasinergies.com\/ca\/politica-de-cookies\/","name":"POL\u00cdTICA DE COOKIES - Judith Serra","isPartOf":{"@id":"https:\/\/judithserrasinergies.com\/#website"},"datePublished":"2021-09-09T11:44:07+00:00","dateModified":"2022-07-14T15:42:00+00:00","breadcrumb":{"@id":"https:\/\/judithserrasinergies.com\/ca\/politica-de-cookies\/#breadcrumb"},"inLanguage":"ca","potentialAction":[{"@type":"ReadAction","target":["https:\/\/judithserrasinergies.com\/ca\/politica-de-cookies\/"]}]},{"@type":"BreadcrumbList","@id":"https:\/\/judithserrasinergies.com\/ca\/politica-de-cookies\/#breadcrumb","itemListElement":[{"@type":"ListItem","position":1,"name":"Portada","item":"https:\/\/judithserrasinergies.com\/ca\/"},{"@type":"ListItem","position":2,"name":"POL\u00cdTICA DE COOKIES"}]},{"@type":"WebSite","@id":"https:\/\/judithserrasinergies.com\/#website","url":"https:\/\/judithserrasinergies.com\/","name":"Judith Serra","description":"","potentialAction":[{"@type":"SearchAction","target":{"@type":"EntryPoint","urlTemplate":"https:\/\/judithserrasinergies.com\/?s={search_term_string}"},"query-input":{"@type":"PropertyValueSpecification","valueRequired":true,"valueName":"search_term_string"}}],"inLanguage":"ca"}]}},"_links":{"self":[{"href":"https:\/\/judithserrasinergies.com\/ca\/wp-json\/wp\/v2\/pages\/1446","targetHints":{"allow":["GET"]}}],"collection":[{"href":"https:\/\/judithserrasinergies.com\/ca\/wp-json\/wp\/v2\/pages"}],"about":[{"href":"https:\/\/judithserrasinergies.com\/ca\/wp-json\/wp\/v2\/types\/page"}],"author":[{"embeddable":true,"href":"https:\/\/judithserrasinergies.com\/ca\/wp-json\/wp\/v2\/users\/1"}],"replies":[{"embeddable":true,"href":"https:\/\/judithserrasinergies.com\/ca\/wp-json\/wp\/v2\/comments?post=1446"}],"version-history":[{"count":2,"href":"https:\/\/judithserrasinergies.com\/ca\/wp-json\/wp\/v2\/pages\/1446\/revisions"}],"predecessor-version":[{"id":1959,"href":"https:\/\/judithserrasinergies.com\/ca\/wp-json\/wp\/v2\/pages\/1446\/revisions\/1959"}],"wp:attachment":[{"href":"https:\/\/judithserrasinergies.com\/ca\/wp-json\/wp\/v2\/media?parent=1446"}],"curies":[{"name":"wp","href":"https:\/\/api.w.org\/{rel}","templated":true}]}}