{"id":1327,"date":"2021-09-06T17:55:11","date_gmt":"2021-09-06T15:55:11","guid":{"rendered":"https:\/\/judithserrasinergies.com\/contacto\/"},"modified":"2024-04-26T19:01:38","modified_gmt":"2024-04-26T17:01:38","slug":"contacte","status":"publish","type":"page","link":"https:\/\/judithserrasinergies.com\/ca\/contacte\/","title":{"rendered":"Contacte"},"content":{"rendered":"\t\t<div data-elementor-type=\"wp-page\" data-elementor-id=\"1327\" class=\"elementor elementor-1327 elementor-476\" data-elementor-post-type=\"page\">\n\t\t\t\t\t\t<section class=\"elementor-section elementor-top-section elementor-element elementor-element-860dc8a elementor-section-boxed elementor-section-height-default elementor-section-height-default\" data-id=\"860dc8a\" data-element_type=\"section\" data-e-type=\"section\" data-settings=\"{&quot;background_background&quot;:&quot;classic&quot;}\">\n\t\t\t\t\t\t<div class=\"elementor-container elementor-column-gap-default\">\n\t\t\t\t\t<div class=\"elementor-column elementor-col-100 elementor-top-column elementor-element elementor-element-07eb4c9\" data-id=\"07eb4c9\" data-element_type=\"column\" data-e-type=\"column\">\n\t\t\t<div class=\"elementor-widget-wrap elementor-element-populated\">\n\t\t\t\t\t\t<div class=\"elementor-element elementor-element-d3824c1 elementor-widget__width-auto elementor-widget elementor-widget-heading\" data-id=\"d3824c1\" data-element_type=\"widget\" data-e-type=\"widget\" data-widget_type=\"heading.default\">\n\t\t\t\t<div class=\"elementor-widget-container\">\n\t\t\t\t\t<h2 class=\"elementor-heading-title elementor-size-default\">Diga\u2019m qu\u00e8 necessites <\/h2>\t\t\t\t<\/div>\n\t\t\t\t<\/div>\n\t\t\t\t<div class=\"elementor-element elementor-element-de2148a elementor-hidden-desktop elementor-hidden-tablet elementor-widget elementor-widget-spacer\" data-id=\"de2148a\" data-element_type=\"widget\" data-e-type=\"widget\" data-widget_type=\"spacer.default\">\n\t\t\t\t<div class=\"elementor-widget-container\">\n\t\t\t\t\t\t\t<div class=\"elementor-spacer\">\n\t\t\t<div class=\"elementor-spacer-inner\"><\/div>\n\t\t<\/div>\n\t\t\t\t\t\t<\/div>\n\t\t\t\t<\/div>\n\t\t\t\t<div class=\"elementor-element elementor-element-79a7549 elementor-widget__width-auto elementor-widget elementor-widget-heading\" data-id=\"79a7549\" data-element_type=\"widget\" data-e-type=\"widget\" data-widget_type=\"heading.default\">\n\t\t\t\t<div class=\"elementor-widget-container\">\n\t\t\t\t\t<h2 class=\"elementor-heading-title elementor-size-default\">i comen\u00e7arem a crear-ho<\/h2>\t\t\t\t<\/div>\n\t\t\t\t<\/div>\n\t\t\t\t\t<\/div>\n\t\t<\/div>\n\t\t\t\t\t<\/div>\n\t\t<\/section>\n\t\t\t\t<section class=\"elementor-section elementor-top-section elementor-element elementor-element-da3fed4 elementor-section-boxed elementor-section-height-default elementor-section-height-default\" data-id=\"da3fed4\" data-element_type=\"section\" data-e-type=\"section\">\n\t\t\t\t\t\t<div class=\"elementor-container elementor-column-gap-default\">\n\t\t\t\t\t<div class=\"elementor-column elementor-col-100 elementor-top-column elementor-element elementor-element-34fd9c7\" data-id=\"34fd9c7\" data-element_type=\"column\" data-e-type=\"column\" data-settings=\"{&quot;background_background&quot;:&quot;classic&quot;}\">\n\t\t\t<div class=\"elementor-widget-wrap elementor-element-populated\">\n\t\t\t\t\t\t<div class=\"elementor-element elementor-element-b61b1fc elementor-widget__width-initial elementor-widget elementor-widget-text-editor\" data-id=\"b61b1fc\" data-element_type=\"widget\" data-e-type=\"widget\" data-widget_type=\"text-editor.default\">\n\t\t\t\t<div class=\"elementor-widget-container\">\n\t\t\t\t\t\t\t\t\t<p>Deixa\u2019m les teves dades i t\u2019escriur\u00e9 el m\u00e9s aviat possible per comen\u00e7ar a treballar per a la teva f\u00f3rmula \u00fanica i per al teu benestar.<\/p>\n<p>Igualment, si tens alguna pregunta o vols m\u00e9s informaci\u00f3, escriu-me sense comprom\u00eds i t\u2019ajudar\u00e9 encantada a resoldre tots els teus dubtes.<\/p>\n\t\t\t\t\t\t\t\t<\/div>\n\t\t\t\t<\/div>\n\t\t\t\t\t<\/div>\n\t\t<\/div>\n\t\t\t\t\t<\/div>\n\t\t<\/section>\n\t\t\t\t<section class=\"elementor-section elementor-top-section elementor-element elementor-element-8265830 elementor-section-boxed elementor-section-height-default elementor-section-height-default\" data-id=\"8265830\" data-element_type=\"section\" data-e-type=\"section\">\n\t\t\t\t\t\t<div class=\"elementor-container elementor-column-gap-default\">\n\t\t\t\t\t<div class=\"elementor-column elementor-col-100 elementor-top-column elementor-element elementor-element-d26f3fe\" data-id=\"d26f3fe\" data-element_type=\"column\" data-e-type=\"column\" data-settings=\"{&quot;background_background&quot;:&quot;classic&quot;}\">\n\t\t\t<div class=\"elementor-widget-wrap elementor-element-populated\">\n\t\t\t\t\t\t<div class=\"elementor-element elementor-element-2362c0f elementor-widget__width-initial elementor-button-align-end elementor-widget elementor-widget-form\" data-id=\"2362c0f\" data-element_type=\"widget\" data-e-type=\"widget\" data-settings=\"{&quot;step_next_label&quot;:&quot;Next&quot;,&quot;step_previous_label&quot;:&quot;Previous&quot;,&quot;button_width&quot;:&quot;100&quot;,&quot;step_type&quot;:&quot;number_text&quot;,&quot;step_icon_shape&quot;:&quot;circle&quot;}\" data-widget_type=\"form.default\">\n\t\t\t\t<div class=\"elementor-widget-container\">\n\t\t\t\t\t\t\t<form class=\"elementor-form\" method=\"post\" name=\"New Form\" aria-label=\"New Form\">\n\t\t\t<input type=\"hidden\" name=\"post_id\" value=\"1327\"\/>\n\t\t\t<input type=\"hidden\" name=\"form_id\" value=\"2362c0f\"\/>\n\t\t\t<input type=\"hidden\" name=\"referer_title\" value=\"Contacte amb Judith Serra\" \/>\n\n\t\t\t\t\t\t\t<input type=\"hidden\" name=\"queried_id\" value=\"1327\"\/>\n\t\t\t\n\t\t\t<div class=\"elementor-form-fields-wrapper elementor-labels-above\">\n\t\t\t\t\t\t\t\t<div class=\"elementor-field-type-text elementor-field-group elementor-column elementor-field-group-name elementor-col-50 elementor-field-required\">\n\t\t\t\t\t\t\t\t\t\t\t\t<label for=\"form-field-name\" class=\"elementor-field-label\">\n\t\t\t\t\t\t\t\tNom\t\t\t\t\t\t\t<\/label>\n\t\t\t\t\t\t\t\t\t\t\t\t\t\t<input size=\"1\" type=\"text\" name=\"form_fields[name]\" id=\"form-field-name\" class=\"elementor-field elementor-size-sm  elementor-field-textual\" required=\"required\">\n\t\t\t\t\t\t\t\t\t\t\t<\/div>\n\t\t\t\t\t\t\t\t<div class=\"elementor-field-type-email elementor-field-group elementor-column elementor-field-group-email elementor-col-50 elementor-field-required\">\n\t\t\t\t\t\t\t\t\t\t\t\t<label for=\"form-field-email\" class=\"elementor-field-label\">\n\t\t\t\t\t\t\t\tCorreu electr\u00f2nic\t\t\t\t\t\t\t<\/label>\n\t\t\t\t\t\t\t\t\t\t\t\t\t\t<input size=\"1\" type=\"email\" name=\"form_fields[email]\" id=\"form-field-email\" class=\"elementor-field elementor-size-sm  elementor-field-textual\" required=\"required\">\n\t\t\t\t\t\t\t\t\t\t\t<\/div>\n\t\t\t\t\t\t\t\t<div class=\"elementor-field-type-text elementor-field-group elementor-column elementor-field-group-field_a268168 elementor-col-100\">\n\t\t\t\t\t\t\t\t\t\t\t\t<label for=\"form-field-field_a268168\" class=\"elementor-field-label\">\n\t\t\t\t\t\t\t\tAssumpte:\t\t\t\t\t\t\t<\/label>\n\t\t\t\t\t\t\t\t\t\t\t\t\t\t<input size=\"1\" type=\"text\" name=\"form_fields[field_a268168]\" id=\"form-field-field_a268168\" class=\"elementor-field elementor-size-sm  elementor-field-textual\">\n\t\t\t\t\t\t\t\t\t\t\t<\/div>\n\t\t\t\t\t\t\t\t<div class=\"elementor-field-type-textarea elementor-field-group elementor-column elementor-field-group-field_cadcd10 elementor-col-100\">\n\t\t\t\t\t\t\t\t\t\t\t\t<label for=\"form-field-field_cadcd10\" class=\"elementor-field-label\">\n\t\t\t\t\t\t\t\tMissatge:\t\t\t\t\t\t\t<\/label>\n\t\t\t\t\t\t<textarea class=\"elementor-field-textual elementor-field  elementor-size-sm\" name=\"form_fields[field_cadcd10]\" id=\"form-field-field_cadcd10\" rows=\"10\"><\/textarea>\t\t\t\t<\/div>\n\t\t\t\t\t\t\t\t<div class=\"elementor-field-type-acceptance elementor-field-group elementor-column elementor-field-group-field_6c44fe2 elementor-col-100 elementor-field-required\">\n\t\t\t\t\t\t\t<div class=\"elementor-field-subgroup\">\n\t\t\t<span class=\"elementor-field-option\">\n\t\t\t\t<input type=\"checkbox\" name=\"form_fields[field_6c44fe2]\" id=\"form-field-field_6c44fe2\" class=\"elementor-field elementor-size-sm  elementor-acceptance-field\" required=\"required\">\n\t\t\t\t<label for=\"form-field-field_6c44fe2\">He llegit i accepto la  <a style=\"color: #bfa959;\" href=\"https:\/\/judithserrasinergies.com\/ca\/politica-de-privacitat\/\">pol\u00edtica de privacitat<\/a><\/label>\t\t\t<\/span>\n\t\t<\/div>\n\t\t\t\t\t\t<\/div>\n\t\t\t\t\t\t\t\t<div class=\"elementor-field-type-acceptance elementor-field-group elementor-column elementor-field-group-field_cfdf394 elementor-col-100 elementor-field-required\">\n\t\t\t\t\t\t\t<div class=\"elementor-field-subgroup\">\n\t\t\t<span class=\"elementor-field-option\">\n\t\t\t\t<input type=\"checkbox\" name=\"form_fields[field_cfdf394]\" id=\"form-field-field_cfdf394\" class=\"elementor-field elementor-size-sm  elementor-acceptance-field\" required=\"required\">\n\t\t\t\t<label for=\"form-field-field_cfdf394\">He llegit i accepto l'enviament de comunicacions comercials per correu electr\u00f2nic (o newsletter)<\/label>\t\t\t<\/span>\n\t\t<\/div>\n\t\t\t\t\t\t<\/div>\n\t\t\t\t\t\t\t\t<div class=\"elementor-field-type-recaptcha_v3 elementor-field-group elementor-column elementor-field-group-field_008c5bb elementor-col-100 recaptcha_v3-bottomright\">\n\t\t\t\t\t<div class=\"elementor-field\" id=\"form-field-field_008c5bb\"><div class=\"elementor-g-recaptcha\" data-sitekey=\"6LevQ8gpAAAAAAZZOEHulQ87OVlQggr9I3d4yxfA\" data-type=\"v3\" data-action=\"Form\" data-badge=\"bottomright\" data-size=\"invisible\"><\/div><\/div>\t\t\t\t<\/div>\n\t\t\t\t\t\t\t\t<div class=\"elementor-field-group elementor-column elementor-field-type-submit elementor-col-100 e-form__buttons\">\n\t\t\t\t\t<button class=\"elementor-button elementor-size-sm\" type=\"submit\">\n\t\t\t\t\t\t<span class=\"elementor-button-content-wrapper\">\n\t\t\t\t\t\t\t\t\t\t\t\t\t\t\t<span class=\"elementor-button-icon\">\n\t\t\t\t\t\t\t\t\t<svg xmlns=\"http:\/\/www.w3.org\/2000\/svg\" viewBox=\"0 0 18.46 18.46\"><polygon points=\"2.46 0 2.46 3 13.34 3 0 16.34 2.11 18.46 15.46 5.11 15.46 16 18.46 16 18.46 0 2.46 0\"><\/polygon><\/svg>\t\t\t\t\t\t\t\t\t\t\t\t\t\t\t\t\t<\/span>\n\t\t\t\t\t\t\t\t\t\t\t\t\t\t\t\t\t\t\t\t\t\t<span class=\"elementor-button-text\">ENVIAR<\/span>\n\t\t\t\t\t\t\t\t\t\t\t\t\t<\/span>\n\t\t\t\t\t<\/button>\n\t\t\t\t<\/div>\n\t\t\t<\/div>\n\t\t<\/form>\n\t\t\t\t\t\t<\/div>\n\t\t\t\t<\/div>\n\t\t\t\t<div class=\"elementor-element elementor-element-401fc20 elementor-widget elementor-widget-spacer\" data-id=\"401fc20\" data-element_type=\"widget\" data-e-type=\"widget\" data-widget_type=\"spacer.default\">\n\t\t\t\t<div class=\"elementor-widget-container\">\n\t\t\t\t\t\t\t<div class=\"elementor-spacer\">\n\t\t\t<div class=\"elementor-spacer-inner\"><\/div>\n\t\t<\/div>\n\t\t\t\t\t\t<\/div>\n\t\t\t\t<\/div>\n\t\t\t\t<div class=\"elementor-element elementor-element-d53a35f elementor-widget__width-initial elementor-widget elementor-widget-html\" data-id=\"d53a35f\" data-element_type=\"widget\" data-e-type=\"widget\" data-widget_type=\"html.default\">\n\t\t\t\t<div class=\"elementor-widget-container\">\n\t\t\t\t\t<p class=\"legal-info\">Et informem que la informaci\u00f3 que ens facilites ser\u00e0 tractada per Judit Serra Boixader, responsable del web, per tal de tractar les teves dades per atendre la teva sol\u00b7licitud. Les teves dades es conservaran mentre hi hagi inter\u00e8s per ambdues parts. La legitimaci\u00f3 s'obt\u00e9 mitjan\u00e7ant el teu consentiment. Les dades no se cediran a tercers sense el teu consentiment excepte en els casos en qu\u00e8 hi hagi una obligaci\u00f3 legal. Podr\u00e0s exercir els teus drets en <a href=\"mailto:hola@judithserrasinergies.com\">hola@judithserrasinergies.com<\/a><\/p>\t\t\t\t<\/div>\n\t\t\t\t<\/div>\n\t\t\t\t\t<\/div>\n\t\t<\/div>\n\t\t\t\t\t<\/div>\n\t\t<\/section>\n\t\t\t\t<\/div>\n\t\t","protected":false},"excerpt":{"rendered":"<p>Diga\u2019m qu\u00e8 necessites i comen\u00e7arem a crear-ho Deixa\u2019m les teves dades i t\u2019escriur\u00e9 el m\u00e9s aviat possible per comen\u00e7ar a treballar per a la teva f\u00f3rmula \u00fanica i per al teu benestar. Igualment, si tens alguna pregunta o vols m\u00e9s informaci\u00f3, escriu-me sense comprom\u00eds i t\u2019ajudar\u00e9 encantada a resoldre tots els teus dubtes. Et informem &hellip;<\/p>\n<p class=\"read-more\"> <a class=\"\" href=\"https:\/\/judithserrasinergies.com\/ca\/contacte\/\"> <span class=\"screen-reader-text\">Contacte<\/span> Llegeix m\u00e9s &raquo;<\/a><\/p>\n","protected":false},"author":1,"featured_media":0,"parent":0,"menu_order":0,"comment_status":"closed","ping_status":"closed","template":"","meta":{"footnotes":""},"class_list":["post-1327","page","type-page","status-publish","hentry"],"yoast_head":"<!-- This site is optimized with the Yoast SEO plugin v27.3 - https:\/\/yoast.com\/product\/yoast-seo-wordpress\/ -->\n<title>Contacte amb Judith Serra<\/title>\n<meta name=\"description\" content=\"Necessites contactar amb mi? Deixa&#039;m les teves dades de contacte per a comen\u00e7ar a treballar en la teva formulaci\u00f3 \u00fanica i el teu benestar.\" \/>\n<meta name=\"robots\" content=\"index, follow, max-snippet:-1, max-image-preview:large, max-video-preview:-1\" \/>\n<link rel=\"canonical\" href=\"https:\/\/judithserrasinergies.com\/contacto\/\" \/>\n<meta property=\"og:locale\" content=\"ca_ES\" \/>\n<meta property=\"og:type\" content=\"article\" \/>\n<meta property=\"og:title\" content=\"Contacte amb Judith Serra\" \/>\n<meta property=\"og:description\" content=\"Necessites contactar amb mi? Deixa&#039;m les teves dades de contacte per a comen\u00e7ar a treballar en la teva formulaci\u00f3 \u00fanica i el teu benestar.\" \/>\n<meta property=\"og:url\" content=\"https:\/\/judithserrasinergies.com\/contacto\/\" \/>\n<meta property=\"og:site_name\" content=\"Judith Serra\" \/>\n<meta property=\"article:modified_time\" content=\"2024-04-26T17:01:38+00:00\" \/>\n<meta name=\"twitter:card\" content=\"summary_large_image\" \/>\n<meta name=\"twitter:label1\" content=\"Temps estimat de lectura\" \/>\n\t<meta name=\"twitter:data1\" content=\"1 minut\" \/>\n<script type=\"application\/ld+json\" class=\"yoast-schema-graph\">{\"@context\":\"https:\\\/\\\/schema.org\",\"@graph\":[{\"@type\":\"WebPage\",\"@id\":\"https:\\\/\\\/judithserrasinergies.com\\\/contacto\\\/\",\"url\":\"https:\\\/\\\/judithserrasinergies.com\\\/contacto\\\/\",\"name\":\"Contacte amb Judith Serra\",\"isPartOf\":{\"@id\":\"https:\\\/\\\/judithserrasinergies.com\\\/#website\"},\"datePublished\":\"2021-09-06T15:55:11+00:00\",\"dateModified\":\"2024-04-26T17:01:38+00:00\",\"description\":\"Necessites contactar amb mi? Deixa'm les teves dades de contacte per a comen\u00e7ar a treballar en la teva formulaci\u00f3 \u00fanica i el teu benestar.\",\"breadcrumb\":{\"@id\":\"https:\\\/\\\/judithserrasinergies.com\\\/contacto\\\/#breadcrumb\"},\"inLanguage\":\"ca\",\"potentialAction\":[{\"@type\":\"ReadAction\",\"target\":[\"https:\\\/\\\/judithserrasinergies.com\\\/contacto\\\/\"]}]},{\"@type\":\"BreadcrumbList\",\"@id\":\"https:\\\/\\\/judithserrasinergies.com\\\/contacto\\\/#breadcrumb\",\"itemListElement\":[{\"@type\":\"ListItem\",\"position\":1,\"name\":\"Portada\",\"item\":\"https:\\\/\\\/judithserrasinergies.com\\\/ca\\\/\"},{\"@type\":\"ListItem\",\"position\":2,\"name\":\"Contacte\"}]},{\"@type\":\"WebSite\",\"@id\":\"https:\\\/\\\/judithserrasinergies.com\\\/#website\",\"url\":\"https:\\\/\\\/judithserrasinergies.com\\\/\",\"name\":\"Judith Serra\",\"description\":\"\",\"potentialAction\":[{\"@type\":\"SearchAction\",\"target\":{\"@type\":\"EntryPoint\",\"urlTemplate\":\"https:\\\/\\\/judithserrasinergies.com\\\/?s={search_term_string}\"},\"query-input\":{\"@type\":\"PropertyValueSpecification\",\"valueRequired\":true,\"valueName\":\"search_term_string\"}}],\"inLanguage\":\"ca\"}]}<\/script>\n<!-- \/ Yoast SEO plugin. -->","yoast_head_json":{"title":"Contacte amb Judith Serra","description":"Necessites contactar amb mi? Deixa'm les teves dades de contacte per a comen\u00e7ar a treballar en la teva formulaci\u00f3 \u00fanica i el teu benestar.","robots":{"index":"index","follow":"follow","max-snippet":"max-snippet:-1","max-image-preview":"max-image-preview:large","max-video-preview":"max-video-preview:-1"},"canonical":"https:\/\/judithserrasinergies.com\/contacto\/","og_locale":"ca_ES","og_type":"article","og_title":"Contacte amb Judith Serra","og_description":"Necessites contactar amb mi? Deixa'm les teves dades de contacte per a comen\u00e7ar a treballar en la teva formulaci\u00f3 \u00fanica i el teu benestar.","og_url":"https:\/\/judithserrasinergies.com\/contacto\/","og_site_name":"Judith Serra","article_modified_time":"2024-04-26T17:01:38+00:00","twitter_card":"summary_large_image","twitter_misc":{"Temps estimat de lectura":"1 minut"},"schema":{"@context":"https:\/\/schema.org","@graph":[{"@type":"WebPage","@id":"https:\/\/judithserrasinergies.com\/contacto\/","url":"https:\/\/judithserrasinergies.com\/contacto\/","name":"Contacte amb Judith Serra","isPartOf":{"@id":"https:\/\/judithserrasinergies.com\/#website"},"datePublished":"2021-09-06T15:55:11+00:00","dateModified":"2024-04-26T17:01:38+00:00","description":"Necessites contactar amb mi? Deixa'm les teves dades de contacte per a comen\u00e7ar a treballar en la teva formulaci\u00f3 \u00fanica i el teu benestar.","breadcrumb":{"@id":"https:\/\/judithserrasinergies.com\/contacto\/#breadcrumb"},"inLanguage":"ca","potentialAction":[{"@type":"ReadAction","target":["https:\/\/judithserrasinergies.com\/contacto\/"]}]},{"@type":"BreadcrumbList","@id":"https:\/\/judithserrasinergies.com\/contacto\/#breadcrumb","itemListElement":[{"@type":"ListItem","position":1,"name":"Portada","item":"https:\/\/judithserrasinergies.com\/ca\/"},{"@type":"ListItem","position":2,"name":"Contacte"}]},{"@type":"WebSite","@id":"https:\/\/judithserrasinergies.com\/#website","url":"https:\/\/judithserrasinergies.com\/","name":"Judith Serra","description":"","potentialAction":[{"@type":"SearchAction","target":{"@type":"EntryPoint","urlTemplate":"https:\/\/judithserrasinergies.com\/?s={search_term_string}"},"query-input":{"@type":"PropertyValueSpecification","valueRequired":true,"valueName":"search_term_string"}}],"inLanguage":"ca"}]}},"_links":{"self":[{"href":"https:\/\/judithserrasinergies.com\/ca\/wp-json\/wp\/v2\/pages\/1327","targetHints":{"allow":["GET"]}}],"collection":[{"href":"https:\/\/judithserrasinergies.com\/ca\/wp-json\/wp\/v2\/pages"}],"about":[{"href":"https:\/\/judithserrasinergies.com\/ca\/wp-json\/wp\/v2\/types\/page"}],"author":[{"embeddable":true,"href":"https:\/\/judithserrasinergies.com\/ca\/wp-json\/wp\/v2\/users\/1"}],"replies":[{"embeddable":true,"href":"https:\/\/judithserrasinergies.com\/ca\/wp-json\/wp\/v2\/comments?post=1327"}],"version-history":[{"count":7,"href":"https:\/\/judithserrasinergies.com\/ca\/wp-json\/wp\/v2\/pages\/1327\/revisions"}],"predecessor-version":[{"id":2310,"href":"https:\/\/judithserrasinergies.com\/ca\/wp-json\/wp\/v2\/pages\/1327\/revisions\/2310"}],"wp:attachment":[{"href":"https:\/\/judithserrasinergies.com\/ca\/wp-json\/wp\/v2\/media?parent=1327"}],"curies":[{"name":"wp","href":"https:\/\/api.w.org\/{rel}","templated":true}]}}